{"id":154,"date":"2015-04-22T15:50:31","date_gmt":"2015-04-22T13:50:31","guid":{"rendered":"http:\/\/butikenpalandet.hemsida.eu\/balby\/?page_id=154"},"modified":"2016-11-28T14:02:47","modified_gmt":"2016-11-28T13:02:47","slug":"sevardheter","status":"publish","type":"page","link":"http:\/\/bpl.se\/balby\/sevardheter\/","title":{"rendered":"Sev\u00e4rdheter"},"content":{"rendered":"<div id=\"pl-154\"  class=\"panel-layout\" ><div id=\"pg-154-0\"  class=\"panel-grid panel-no-style\" ><div id=\"pgc-154-0-0\"  class=\"panel-grid-cell\" ><div id=\"panel-154-0-0-0\" class=\"so-panel widget widget_black-studio-tinymce widget_black_studio_tinymce panel-first-child panel-last-child\" data-index=\"0\" ><h3 class=\"widget-title\">Skagershultsmossen<\/h3><div class=\"textwidget\"><p>Bes\u00f6k en av Mellansveriges st\u00f6rsta h\u00f6gmossar, Skagershultsmossen, d\u00e4r den f\u00e5gelintresserade bjuds p\u00e5 ett sm\u00f6rg\u00e5sbord av arter s\u00e5som fiskgjuse, ormvr\u00e5k, ljungpipare m.fl.<\/p>\n<\/div><\/div><\/div><div id=\"pgc-154-0-1\"  class=\"panel-grid-cell\" ><div id=\"panel-154-0-1-0\" class=\"so-panel widget widget_black-studio-tinymce widget_black_studio_tinymce panel-first-child panel-last-child\" data-index=\"1\" ><h3 class=\"widget-title\">Hammarsj\u00f6n<\/h3><div class=\"textwidget\"><p>Hammarsj\u00f6n \u00e4r en av landets st\u00f6rsta anlagda v\u00e5tmarker. Hammarsj\u00f6n \u00e4r bel\u00e4gen vid sj\u00f6n Teens s\u00f6dra strand och \u00e4r h\u00e4ckningsplats f\u00f6r s\u00e5v\u00e4l s\u00e5ngsvan som trana.<\/p>\n<\/div><\/div><\/div><div id=\"pgc-154-0-2\"  class=\"panel-grid-cell\" ><div id=\"panel-154-0-2-0\" class=\"so-panel widget widget_black-studio-tinymce widget_black_studio_tinymce panel-first-child panel-last-child\" data-index=\"2\" ><h3 class=\"widget-title\">Skagershults kyrka<\/h3><div class=\"textwidget\"><p>Skagershults gamla kyrka \u00e4r en tr\u00e4kyrka fr\u00e5n 1600-talet och ligger en dryg kilometer fr\u00e5n g\u00e5rden. Den medeltida k\u00f6rv\u00e4gen \u201dLikv\u00e4gen\u201d, vilken anv\u00e4ndes f\u00f6r att frakta de d\u00f6da \u00f6ver Skagershultsmossen till T\u00e5nger\u00e5sa kyrka, erbjuder en chans att se mossen p\u00e5 n\u00e4ra h\u00e5ll.<\/p>\n<\/div><\/div><\/div><div id=\"pgc-154-0-3\"  class=\"panel-grid-cell\" ><div id=\"panel-154-0-3-0\" class=\"so-panel widget widget_black-studio-tinymce widget_black_studio_tinymce panel-first-child panel-last-child\" data-index=\"3\" ><h3 class=\"widget-title\">Hasselfors Bruksmuseum<\/h3><div class=\"textwidget\"><p>Se bygdens och bolaget Hasselfors historia<\/p>\n<\/div><\/div><\/div><\/div><div id=\"pg-154-1\"  class=\"panel-grid panel-no-style\" ><div id=\"pgc-154-1-0\"  class=\"panel-grid-cell\" ><div id=\"panel-154-1-0-0\" class=\"so-panel widget widget_black-studio-tinymce widget_black_studio_tinymce panel-first-child panel-last-child\" data-index=\"4\" ><h3 class=\"widget-title\">Tivedens nationalpark<\/h3><div class=\"textwidget\"><p>En av Sveriges vackraste nationalparker och bjuder p\u00e5 m\u00e4ktig urskog, klara sj\u00f6ar och en h\u00e4nf\u00f6rande utsikt i en, till stor del, stigl\u00f6s milj\u00f6 som h\u00e5ller s\u00e4gnerna vid liv.<\/p>\n<\/div><\/div><\/div><div id=\"pgc-154-1-1\"  class=\"panel-grid-cell panel-grid-cell-empty\" ><\/div><div id=\"pgc-154-1-2\"  class=\"panel-grid-cell panel-grid-cell-empty panel-grid-cell-mobile-last\" ><\/div><div id=\"pgc-154-1-3\"  class=\"panel-grid-cell panel-grid-cell-empty\" ><\/div><\/div><div id=\"pg-154-2\"  class=\"panel-grid panel-no-style\" ><div id=\"pgc-154-2-0\"  class=\"panel-grid-cell\" ><div id=\"panel-154-2-0-0\" class=\"so-panel widget widget_black-studio-tinymce widget_black_studio_tinymce panel-first-child panel-last-child\" data-index=\"5\" ><div class=\"textwidget\"><p>F\u00f6r mer information om sev\u00e4rdheter, se <a href=\"http:\/\/www.hasselforsbyalag.com\/galleri\/sevart-i-hasselfors\" target=\"_blank\">Hasselfors<\/a>,\u00a0<a href=\"http:\/\/www.tiveden.se\/segora.4.e1bed5a12e391d48878000116.html\" target=\"_blank\">Tivedens<\/a>,\u00a0<a href=\"http:\/\/www.lansstyrelsen.se\/orebro\/Sv\/Pages\/default.aspx\" target=\"_blank\">L\u00e4nsstyrelsen \u00d6rebro<\/a> och <a href=\"http:\/\/www.laxa.se\/\" target=\"_blank\">Lax\u00e5 kommuns<\/a> hemsida. F\u00f6r roliga och\u00a0intressanta\u00a0gruppaktiviteter kan vi rekommendera att ni h\u00f6r med <a href=\"http:\/\/ekosafari.se\/?page_id=86\">Ekosafari<\/a>.<\/p>\n<\/div><\/div><\/div><\/div><\/div>","protected":false},"excerpt":{"rendered":"<p>Bes\u00f6k en av Mellansveriges st\u00f6rsta h\u00f6gmossar, Skagershultsmossen, d\u00e4r den f\u00e5gelintresserade bjuds p\u00e5 ett sm\u00f6rg\u00e5sbord av arter s\u00e5som fiskgjuse, ormvr\u00e5k, ljungpipare m.fl. Hammarsj\u00f6n \u00e4r en av landets st\u00f6rsta anlagda v\u00e5tmarker. Hammarsj\u00f6n \u00e4r bel\u00e4gen vid sj\u00f6n Teens s\u00f6dra strand och \u00e4r h\u00e4ckningsplats f\u00f6r s\u00e5v\u00e4l s\u00e5ngsvan som trana. Skagershults gamla kyrka \u00e4r en tr\u00e4kyrka fr\u00e5n 1600-talet och ligger [&hellip;]<\/p>\n","protected":false},"author":1,"featured_media":0,"parent":0,"menu_order":2,"comment_status":"closed","ping_status":"closed","template":"","meta":{"footnotes":""},"_links":{"self":[{"href":"http:\/\/bpl.se\/balby\/wp-json\/wp\/v2\/pages\/154"}],"collection":[{"href":"http:\/\/bpl.se\/balby\/wp-json\/wp\/v2\/pages"}],"about":[{"href":"http:\/\/bpl.se\/balby\/wp-json\/wp\/v2\/types\/page"}],"author":[{"embeddable":true,"href":"http:\/\/bpl.se\/balby\/wp-json\/wp\/v2\/users\/1"}],"replies":[{"embeddable":true,"href":"http:\/\/bpl.se\/balby\/wp-json\/wp\/v2\/comments?post=154"}],"version-history":[{"count":74,"href":"http:\/\/bpl.se\/balby\/wp-json\/wp\/v2\/pages\/154\/revisions"}],"predecessor-version":[{"id":1247,"href":"http:\/\/bpl.se\/balby\/wp-json\/wp\/v2\/pages\/154\/revisions\/1247"}],"wp:attachment":[{"href":"http:\/\/bpl.se\/balby\/wp-json\/wp\/v2\/media?parent=154"}],"curies":[{"name":"wp","href":"https:\/\/api.w.org\/{rel}","templated":true}]}}