{"id":964,"date":"2015-06-04T06:23:56","date_gmt":"2015-06-04T04:23:56","guid":{"rendered":"http:\/\/butikenpalandet.hemsida.eu\/balby\/?page_id=964"},"modified":"2016-11-29T11:29:58","modified_gmt":"2016-11-29T10:29:58","slug":"varumarken-2","status":"publish","type":"page","link":"http:\/\/bpl.se\/balby\/varumarken-2\/","title":{"rendered":"Varum\u00e4rken"},"content":{"rendered":"<div id=\"pl-964\"  class=\"panel-layout\" ><div id=\"pg-964-0\"  class=\"panel-grid panel-no-style\" ><div id=\"pgc-964-0-0\"  class=\"panel-grid-cell\" ><div id=\"panel-964-0-0-0\" class=\"so-panel widget widget_black-studio-tinymce widget_black_studio_tinymce panel-first-child panel-last-child\" data-index=\"0\" ><div class=\"textwidget\"><div id=\"pg-117-0\" class=\"panel-grid\">\n<div id=\"pgc-117-0-0\" class=\"panel-grid-cell\">\n<div id=\"panel-117-0-0-0\" class=\"so-panel widget widget_black-studio-tinymce panel-first-child panel-last-child\">\n<div class=\"textwidget\">\n<h2>Butiken p\u00e5 Landet B\u00e5lby\u00a0erbjuder kvalitetskl\u00e4der f\u00f6r s\u00e5v\u00e4l damer som herrar<\/h2>\n<\/div>\n<\/div>\n<\/div>\n<\/div>\n<div id=\"pg-117-1\" class=\"panel-grid\">\u00a0<\/div>\n<\/div><\/div><\/div><\/div><\/div>","protected":false},"excerpt":{"rendered":"<p>Butiken p\u00e5 Landet B\u00e5lby\u00a0erbjuder kvalitetskl\u00e4der f\u00f6r s\u00e5v\u00e4l damer som herrar\u00a0<\/p>\n","protected":false},"author":1,"featured_media":0,"parent":0,"menu_order":1,"comment_status":"closed","ping_status":"closed","template":"","meta":{"footnotes":""},"_links":{"self":[{"href":"http:\/\/bpl.se\/balby\/wp-json\/wp\/v2\/pages\/964"}],"collection":[{"href":"http:\/\/bpl.se\/balby\/wp-json\/wp\/v2\/pages"}],"about":[{"href":"http:\/\/bpl.se\/balby\/wp-json\/wp\/v2\/types\/page"}],"author":[{"embeddable":true,"href":"http:\/\/bpl.se\/balby\/wp-json\/wp\/v2\/users\/1"}],"replies":[{"embeddable":true,"href":"http:\/\/bpl.se\/balby\/wp-json\/wp\/v2\/comments?post=964"}],"version-history":[{"count":19,"href":"http:\/\/bpl.se\/balby\/wp-json\/wp\/v2\/pages\/964\/revisions"}],"predecessor-version":[{"id":1273,"href":"http:\/\/bpl.se\/balby\/wp-json\/wp\/v2\/pages\/964\/revisions\/1273"}],"wp:attachment":[{"href":"http:\/\/bpl.se\/balby\/wp-json\/wp\/v2\/media?parent=964"}],"curies":[{"name":"wp","href":"https:\/\/api.w.org\/{rel}","templated":true}]}}